{"id":22,"date":"2024-05-19T02:42:24","date_gmt":"2024-05-19T00:42:24","guid":{"rendered":"http:\/\/unitedchristfornations.com\/?page_id=22"},"modified":"2025-05-06T17:42:36","modified_gmt":"2025-05-06T15:42:36","slug":"give","status":"publish","type":"page","link":"https:\/\/unitedchristfornations.com\/fr\/give\/","title":{"rendered":"Don"},"content":{"rendered":"<div data-elementor-type=\"wp-page\" data-elementor-id=\"22\" class=\"elementor elementor-22\">\n\t\t\t\t<div class=\"elementor-element elementor-element-3dae412 e-flex e-con-boxed wpr-particle-no wpr-jarallax-no wpr-parallax-no wpr-sticky-section-no wpr-equal-height-no e-con e-parent\" data-id=\"3dae412\" data-element_type=\"container\" data-e-type=\"container\" data-settings=\"{&quot;background_background&quot;:&quot;classic&quot;}\">\n\t\t\t\t\t<div class=\"e-con-inner\">\n\t\t<div class=\"elementor-element elementor-element-a336309 e-con-full e-flex wpr-particle-no wpr-jarallax-no wpr-parallax-no wpr-sticky-section-no wpr-equal-height-no e-con e-child\" data-id=\"a336309\" data-element_type=\"container\" data-e-type=\"container\">\n\t\t\t\t<div class=\"elementor-element elementor-element-96a7606 animated-slow elementor-invisible elementor-widget elementor-widget-heading\" data-id=\"96a7606\" data-element_type=\"widget\" data-e-type=\"widget\" data-settings=\"{&quot;_animation&quot;:&quot;slideInUp&quot;}\" data-widget_type=\"heading.default\">\n\t\t\t\t<div class=\"elementor-widget-container\">\n\t\t\t\t\t<h3 class=\"elementor-heading-title elementor-size-default\">Soutenez notre mission avec un don<\/h3>\t\t\t\t<\/div>\n\t\t\t\t<\/div>\n\t\t\t\t<div class=\"elementor-element elementor-element-26c06e2 elementor-invisible elementor-widget elementor-widget-heading\" data-id=\"26c06e2\" data-element_type=\"widget\" data-e-type=\"widget\" data-settings=\"{&quot;_animation&quot;:&quot;fadeInUp&quot;}\" data-widget_type=\"heading.default\">\n\t\t\t\t<div class=\"elementor-widget-container\">\n\t\t\t\t\t<p class=\"elementor-heading-title elementor-size-default translation-block\">Nous vous invitons \u00e0 soutenir notre mission en faisant un don. Votre g\u00e9n\u00e9rosit\u00e9 nous aide \u00e0 poursuivre notre travail et \u00e0 toucher davantage de personnes dans le besoin.\n\nCliquez sur le bouton ci-dessous pour faire un don s\u00e9curis\u00e9 via PayPal. Chaque contribution, quelle que soit sa taille, fait une diff\u00e9rence !\n<br>\nMerci pour votre soutien !<\/p>\t\t\t\t<\/div>\n\t\t\t\t<\/div>\n\t\t\t\t<\/div>\n\t\t\t\t\t<\/div>\n\t\t\t\t<\/div>\n\t\t<div class=\"elementor-element elementor-element-2ecb4a7 e-flex e-con-boxed wpr-particle-no wpr-jarallax-no wpr-parallax-no wpr-sticky-section-no wpr-equal-height-no e-con e-parent\" data-id=\"2ecb4a7\" data-element_type=\"container\" data-e-type=\"container\">\n\t\t\t\t\t<div class=\"e-con-inner\">\n\t\t\t\t<div class=\"elementor-element elementor-element-d2538a2 elementor-widget elementor-widget-shortcode\" data-id=\"d2538a2\" data-element_type=\"widget\" data-e-type=\"widget\" data-widget_type=\"shortcode.default\">\n\t\t\t\t<div class=\"elementor-widget-container\">\n\t\t\t\t\t\t\t<div class=\"elementor-shortcode\"><!-- Begin PayPal Donations by https:\/\/www.tipsandtricks-hq.com\/paypal-donations-widgets-plugin -->\n\n<form action=\"https:\/\/www.paypal.com\/cgi-bin\/webscr\" method=\"post\">\n    <div class=\"paypal-donations\">\n        <input type=\"hidden\" name=\"cmd\" value=\"_donations\" \/>\n        <input type=\"hidden\" name=\"bn\" value=\"TipsandTricks_SP\" \/>\n        <input type=\"hidden\" name=\"business\" value=\"bureau.unitedchristfornations@gmail.com\" \/>\n        <input type=\"hidden\" name=\"rm\" value=\"0\" \/>\n        <input type=\"hidden\" name=\"currency_code\" value=\"EUR\" \/>\n        <input type=\"image\" style=\"cursor: pointer;\" src=\"https:\/\/www.paypalobjects.com\/fr_FR\/FR\/i\/btn\/btn_donate_LG.gif\" name=\"submit\" alt=\"PayPal - The safer, easier way to pay online.\" \/>\n        <img decoding=\"async\" alt=\"\" src=\"https:\/\/www.paypalobjects.com\/en_US\/i\/scr\/pixel.gif\" width=\"1\" height=\"1\" \/>\n    <\/div>\n<\/form>\n<!-- End PayPal Donations -->\n<\/div>\n\t\t\t\t\t\t<\/div>\n\t\t\t\t<\/div>\n\t\t\t\t\t<\/div>\n\t\t\t\t<\/div>\n\t\t<div class=\"elementor-element elementor-element-14cad5d elementor-hidden-mobile e-flex e-con-boxed wpr-particle-no wpr-jarallax-no wpr-parallax-no wpr-sticky-section-no wpr-equal-height-no e-con e-parent\" data-id=\"14cad5d\" data-element_type=\"container\" data-e-type=\"container\">\n\t\t\t\t\t<div class=\"e-con-inner\">\n\t\t<div class=\"elementor-element elementor-element-3b57ef9 e-con-full e-flex wpr-particle-no wpr-jarallax-no wpr-parallax-no wpr-sticky-section-no wpr-equal-height-no e-con e-child\" data-id=\"3b57ef9\" data-element_type=\"container\" data-e-type=\"container\" data-settings=\"{&quot;background_background&quot;:&quot;gradient&quot;}\">\n\t\t\t\t<div class=\"elementor-element elementor-element-0df67dc elementor-widget elementor-widget-video\" data-id=\"0df67dc\" data-element_type=\"widget\" data-e-type=\"widget\" data-settings=\"{&quot;youtube_url&quot;:&quot;https:\\\/\\\/youtube.com\\\/shorts\\\/D68CxgDI7GY?si=2ChLxP-PiJTcH3o8&quot;,&quot;video_type&quot;:&quot;youtube&quot;,&quot;controls&quot;:&quot;yes&quot;}\" data-widget_type=\"video.default\">\n\t\t\t\t<div class=\"elementor-widget-container\">\n\t\t\t\t\t\t\t<div class=\"elementor-wrapper elementor-open-inline\">\n\t\t\t<div class=\"elementor-video\"><\/div>\t\t<\/div>\n\t\t\t\t\t\t<\/div>\n\t\t\t\t<\/div>\n\t\t\t\t<\/div>\n\t\t<div class=\"elementor-element elementor-element-79ae1a2 e-con-full e-flex wpr-particle-no wpr-jarallax-no wpr-parallax-no wpr-sticky-section-no wpr-equal-height-no e-con e-child\" data-id=\"79ae1a2\" data-element_type=\"container\" data-e-type=\"container\" data-settings=\"{&quot;background_background&quot;:&quot;gradient&quot;}\">\n\t\t\t\t<div class=\"elementor-element elementor-element-1848471 elementor-widget elementor-widget-video\" data-id=\"1848471\" data-element_type=\"widget\" data-e-type=\"widget\" data-settings=\"{&quot;youtube_url&quot;:&quot;https:\\\/\\\/youtube.com\\\/shorts\\\/zz8ht5ydX4M?si=RS6-sD3rDHsifIhg&quot;,&quot;video_type&quot;:&quot;youtube&quot;,&quot;controls&quot;:&quot;yes&quot;}\" data-widget_type=\"video.default\">\n\t\t\t\t<div class=\"elementor-widget-container\">\n\t\t\t\t\t\t\t<div class=\"elementor-wrapper elementor-open-inline\">\n\t\t\t<div class=\"elementor-video\"><\/div>\t\t<\/div>\n\t\t\t\t\t\t<\/div>\n\t\t\t\t<\/div>\n\t\t\t\t<\/div>\n\t\t\t\t\t<\/div>\n\t\t\t\t<\/div>\n\t\t<div class=\"elementor-element elementor-element-8ae48d6 e-con-full elementor-hidden-desktop elementor-hidden-tablet e-flex wpr-particle-no wpr-jarallax-no wpr-parallax-no wpr-sticky-section-no wpr-equal-height-no e-con e-parent\" data-id=\"8ae48d6\" data-element_type=\"container\" data-e-type=\"container\">\n\t\t<div class=\"elementor-element elementor-element-0134e58 e-con-full e-flex wpr-particle-no wpr-jarallax-no wpr-parallax-no wpr-sticky-section-no wpr-equal-height-no e-con e-child\" data-id=\"0134e58\" data-element_type=\"container\" data-e-type=\"container\" data-settings=\"{&quot;background_background&quot;:&quot;gradient&quot;}\">\n\t\t\t\t<div class=\"elementor-element elementor-element-7a10f7e elementor-widget elementor-widget-video\" data-id=\"7a10f7e\" data-element_type=\"widget\" data-e-type=\"widget\" data-settings=\"{&quot;youtube_url&quot;:&quot;https:\\\/\\\/youtube.com\\\/shorts\\\/D68CxgDI7GY?si=2ChLxP-PiJTcH3o8&quot;,&quot;video_type&quot;:&quot;youtube&quot;,&quot;controls&quot;:&quot;yes&quot;}\" data-widget_type=\"video.default\">\n\t\t\t\t<div class=\"elementor-widget-container\">\n\t\t\t\t\t\t\t<div class=\"elementor-wrapper elementor-open-inline\">\n\t\t\t<div class=\"elementor-video\"><\/div>\t\t<\/div>\n\t\t\t\t\t\t<\/div>\n\t\t\t\t<\/div>\n\t\t\t\t<\/div>\n\t\t<div class=\"elementor-element elementor-element-1d726ec e-con-full e-flex wpr-particle-no wpr-jarallax-no wpr-parallax-no wpr-sticky-section-no wpr-equal-height-no e-con e-child\" data-id=\"1d726ec\" data-element_type=\"container\" data-e-type=\"container\" data-settings=\"{&quot;background_background&quot;:&quot;gradient&quot;}\">\n\t\t\t\t<div class=\"elementor-element elementor-element-060d9ac elementor-widget elementor-widget-video\" data-id=\"060d9ac\" data-element_type=\"widget\" data-e-type=\"widget\" data-settings=\"{&quot;youtube_url&quot;:&quot;https:\\\/\\\/youtube.com\\\/shorts\\\/zz8ht5ydX4M?si=RS6-sD3rDHsifIhg&quot;,&quot;video_type&quot;:&quot;youtube&quot;,&quot;controls&quot;:&quot;yes&quot;}\" data-widget_type=\"video.default\">\n\t\t\t\t<div class=\"elementor-widget-container\">\n\t\t\t\t\t\t\t<div class=\"elementor-wrapper elementor-open-inline\">\n\t\t\t<div class=\"elementor-video\"><\/div>\t\t<\/div>\n\t\t\t\t\t\t<\/div>\n\t\t\t\t<\/div>\n\t\t\t\t<\/div>\n\t\t\t\t<\/div>\n\t\t\t\t<\/div>","protected":false},"excerpt":{"rendered":"<p>Support Our Mission with a Donation We invite you to support our mission by making a donation. Your generosity helps us continue our work and reach more people in need. Click the button below to make a secure donation through PayPal. Every contribution, no matter the size, makes a difference! Thank you for your support!<\/p>","protected":false},"author":1,"featured_media":206,"parent":0,"menu_order":0,"comment_status":"closed","ping_status":"closed","template":"elementor_header_footer","meta":{"_eb_attr":"","_uag_custom_page_level_css":"","_monsterinsights_skip_tracking":false,"_monsterinsights_sitenote_active":false,"_monsterinsights_sitenote_note":"","_monsterinsights_sitenote_category":0,"_price":"","_stock":"","_tribe_ticket_header":"","_tribe_default_ticket_provider":"","_tribe_ticket_capacity":"0","_ticket_start_date":"","_ticket_end_date":"","_tribe_ticket_show_description":"","_tribe_ticket_show_not_going":false,"_tribe_ticket_use_global_stock":"","_tribe_ticket_global_stock_level":"","_global_stock_mode":"","_global_stock_cap":"","_tribe_rsvp_for_event":"","_tribe_ticket_going_count":"","_tribe_ticket_not_going_count":"","_tribe_tickets_list":"[]","_tribe_ticket_has_attendee_info_fields":false,"inspiro_hide_title":false,"footnotes":"","_tec_slr_enabled":"","_tec_slr_layout":""},"class_list":["post-22","page","type-page","status-publish","has-post-thumbnail","hentry"],"uagb_featured_image_src":{"full":["https:\/\/unitedchristfornations.com\/wp-content\/uploads\/2024\/06\/IMG_0235-scaled-e1719881967361.jpeg",1920,1066,false],"thumbnail":["https:\/\/unitedchristfornations.com\/wp-content\/uploads\/2024\/06\/IMG_0235-scaled-e1719881967361-150x150.jpeg",150,150,true],"medium":["https:\/\/unitedchristfornations.com\/wp-content\/uploads\/2024\/06\/IMG_0235-scaled-e1719881967361-300x167.jpeg",300,167,true],"medium_large":["https:\/\/unitedchristfornations.com\/wp-content\/uploads\/2024\/06\/IMG_0235-scaled-e1719881967361-768x426.jpeg",768,426,true],"large":["https:\/\/unitedchristfornations.com\/wp-content\/uploads\/2024\/06\/IMG_0235-scaled-e1719881967361-1024x569.jpeg",950,528,true],"1536x1536":["https:\/\/unitedchristfornations.com\/wp-content\/uploads\/2024\/06\/IMG_0235-scaled-e1719881967361-1536x853.jpeg",1536,853,true],"2048x2048":["https:\/\/unitedchristfornations.com\/wp-content\/uploads\/2024\/06\/IMG_0235-scaled-1536x2048.jpeg",1536,2048,true],"trp-custom-language-flag":["https:\/\/unitedchristfornations.com\/wp-content\/uploads\/2024\/06\/IMG_0235-scaled-e1719881967361-18x10.jpeg",18,10,true],"inspiro-featured-image":["https:\/\/unitedchristfornations.com\/wp-content\/uploads\/2024\/06\/IMG_0235-2000x2667.jpeg",2000,2667,true],"inspiro-loop":["https:\/\/unitedchristfornations.com\/wp-content\/uploads\/2024\/06\/IMG_0235-scaled-e1719881967361-950x320.jpeg",950,320,true],"inspiro-loop@2x":["https:\/\/unitedchristfornations.com\/wp-content\/uploads\/2024\/06\/IMG_0235-scaled-e1719881967361-1900x640.jpeg",1900,640,true],"portfolio_item-thumbnail":["https:\/\/unitedchristfornations.com\/wp-content\/uploads\/2024\/06\/IMG_0235-scaled-600x400.jpeg",600,400,true],"portfolio_item-thumbnail@2x":["https:\/\/unitedchristfornations.com\/wp-content\/uploads\/2024\/06\/IMG_0235-scaled-1200x800.jpeg",1200,800,true],"portfolio_item-masonry":["https:\/\/unitedchristfornations.com\/wp-content\/uploads\/2024\/06\/IMG_0235-scaled-600x800.jpeg",600,800,true],"portfolio_item-masonry@2x":["https:\/\/unitedchristfornations.com\/wp-content\/uploads\/2024\/06\/IMG_0235-scaled-1200x1600.jpeg",1200,1600,true],"portfolio_item-thumbnail_cinema":["https:\/\/unitedchristfornations.com\/wp-content\/uploads\/2024\/06\/IMG_0235-scaled-800x335.jpeg",800,335,true],"portfolio_item-thumbnail_portrait":["https:\/\/unitedchristfornations.com\/wp-content\/uploads\/2024\/06\/IMG_0235-scaled-600x900.jpeg",600,900,true],"portfolio_item-thumbnail_portrait@2x":["https:\/\/unitedchristfornations.com\/wp-content\/uploads\/2024\/06\/IMG_0235-scaled-1200x1800.jpeg",1200,1800,true],"portfolio_item-thumbnail_square":["https:\/\/unitedchristfornations.com\/wp-content\/uploads\/2024\/06\/IMG_0235-scaled-800x800.jpeg",800,800,true]},"uagb_author_info":{"display_name":"admin3990","author_link":"https:\/\/unitedchristfornations.com\/fr\/author\/admin3990\/"},"uagb_comment_info":0,"uagb_excerpt":"Support Our Mission with a Donation We invite you to support our mission by making a donation. Your generosity helps us continue our work and reach more people in need. Click the button below to make a secure donation through PayPal. Every contribution, no matter the size, makes a difference! Thank you for your support!","featured_media_urls":{"thumbnail":["https:\/\/unitedchristfornations.com\/wp-content\/uploads\/2024\/06\/IMG_0235-scaled-e1719881967361-150x150.jpeg",150,150,true],"medium":["https:\/\/unitedchristfornations.com\/wp-content\/uploads\/2024\/06\/IMG_0235-scaled-e1719881967361-300x167.jpeg",300,167,true],"medium_large":["https:\/\/unitedchristfornations.com\/wp-content\/uploads\/2024\/06\/IMG_0235-scaled-e1719881967361-768x426.jpeg",768,426,true],"large":["https:\/\/unitedchristfornations.com\/wp-content\/uploads\/2024\/06\/IMG_0235-scaled-e1719881967361-1024x569.jpeg",950,528,true],"1536x1536":["https:\/\/unitedchristfornations.com\/wp-content\/uploads\/2024\/06\/IMG_0235-scaled-e1719881967361-1536x853.jpeg",1536,853,true],"2048x2048":["https:\/\/unitedchristfornations.com\/wp-content\/uploads\/2024\/06\/IMG_0235-scaled-1536x2048.jpeg",1536,2048,true],"trp-custom-language-flag":["https:\/\/unitedchristfornations.com\/wp-content\/uploads\/2024\/06\/IMG_0235-scaled-e1719881967361-18x10.jpeg",18,10,true],"inspiro-featured-image":["https:\/\/unitedchristfornations.com\/wp-content\/uploads\/2024\/06\/IMG_0235-2000x2667.jpeg",2000,2667,true],"inspiro-loop":["https:\/\/unitedchristfornations.com\/wp-content\/uploads\/2024\/06\/IMG_0235-scaled-e1719881967361-950x320.jpeg",950,320,true],"inspiro-loop@2x":["https:\/\/unitedchristfornations.com\/wp-content\/uploads\/2024\/06\/IMG_0235-scaled-e1719881967361-1900x640.jpeg",1900,640,true],"portfolio_item-thumbnail":["https:\/\/unitedchristfornations.com\/wp-content\/uploads\/2024\/06\/IMG_0235-scaled-600x400.jpeg",600,400,true],"portfolio_item-thumbnail@2x":["https:\/\/unitedchristfornations.com\/wp-content\/uploads\/2024\/06\/IMG_0235-scaled-1200x800.jpeg",1200,800,true],"portfolio_item-masonry":["https:\/\/unitedchristfornations.com\/wp-content\/uploads\/2024\/06\/IMG_0235-scaled-600x800.jpeg",600,800,true],"portfolio_item-masonry@2x":["https:\/\/unitedchristfornations.com\/wp-content\/uploads\/2024\/06\/IMG_0235-scaled-1200x1600.jpeg",1200,1600,true],"portfolio_item-thumbnail_cinema":["https:\/\/unitedchristfornations.com\/wp-content\/uploads\/2024\/06\/IMG_0235-scaled-800x335.jpeg",800,335,true],"portfolio_item-thumbnail_portrait":["https:\/\/unitedchristfornations.com\/wp-content\/uploads\/2024\/06\/IMG_0235-scaled-600x900.jpeg",600,900,true],"portfolio_item-thumbnail_portrait@2x":["https:\/\/unitedchristfornations.com\/wp-content\/uploads\/2024\/06\/IMG_0235-scaled-1200x1800.jpeg",1200,1800,true],"portfolio_item-thumbnail_square":["https:\/\/unitedchristfornations.com\/wp-content\/uploads\/2024\/06\/IMG_0235-scaled-800x800.jpeg",800,800,true]},"ticketed":false,"_links":{"self":[{"href":"https:\/\/unitedchristfornations.com\/fr\/wp-json\/wp\/v2\/pages\/22","targetHints":{"allow":["GET"]}}],"collection":[{"href":"https:\/\/unitedchristfornations.com\/fr\/wp-json\/wp\/v2\/pages"}],"about":[{"href":"https:\/\/unitedchristfornations.com\/fr\/wp-json\/wp\/v2\/types\/page"}],"author":[{"embeddable":true,"href":"https:\/\/unitedchristfornations.com\/fr\/wp-json\/wp\/v2\/users\/1"}],"replies":[{"embeddable":true,"href":"https:\/\/unitedchristfornations.com\/fr\/wp-json\/wp\/v2\/comments?post=22"}],"version-history":[{"count":5,"href":"https:\/\/unitedchristfornations.com\/fr\/wp-json\/wp\/v2\/pages\/22\/revisions"}],"predecessor-version":[{"id":3026,"href":"https:\/\/unitedchristfornations.com\/fr\/wp-json\/wp\/v2\/pages\/22\/revisions\/3026"}],"wp:featuredmedia":[{"embeddable":true,"href":"https:\/\/unitedchristfornations.com\/fr\/wp-json\/wp\/v2\/media\/206"}],"wp:attachment":[{"href":"https:\/\/unitedchristfornations.com\/fr\/wp-json\/wp\/v2\/media?parent=22"}],"curies":[{"name":"wp","href":"https:\/\/api.w.org\/{rel}","templated":true}]}}